{"id":418,"date":"2021-08-03T06:53:03","date_gmt":"2021-08-03T06:53:03","guid":{"rendered":"http:\/\/artemsemkin.com\/wp\/?page_id=418"},"modified":"2025-05-27T09:35:27","modified_gmt":"2025-05-27T09:35:27","slug":"contactar","status":"publish","type":"page","link":"https:\/\/granoptica.es\/?page_id=418","title":{"rendered":"Contactar"},"content":{"rendered":"\t\t<div data-elementor-type=\"wp-page\" data-elementor-id=\"418\" class=\"elementor elementor-418\" data-elementor-settings=\"{&quot;page_masthead_header_background_color&quot;:&quot;#ffffff&quot;,&quot;page_masthead_featured_background_color&quot;:&quot;#f8f8f8&quot;}\" data-elementor-post-type=\"page\">\n\t\t\t\t<div class=\"elementor-element elementor-element-4bb622c bg-dark-1 light pt-large pb-large container-fluid text-center e-flex e-con-boxed e-con e-parent\" data-id=\"4bb622c\" data-element_type=\"container\" data-settings=\"{&quot;theme_section_color&quot;:&quot;bg-dark-1&quot;,&quot;theme_section_elements_theme&quot;:&quot;light&quot;}\" data-arts-theme-text=\"light\">\n\t\t\t\t\t<div class=\"e-con-inner\">\n\t\t<div class=\"elementor-element elementor-element-75d6068 e-con-full e-flex e-con e-child\" data-id=\"75d6068\" data-element_type=\"container\">\n\t\t\t\t<div class=\"elementor-element elementor-element-84defb9 elementor-widget elementor-widget-kinsey-widget-content-block\" data-id=\"84defb9\" data-element_type=\"widget\" data-widget_type=\"kinsey-widget-content-block.default\">\n\t\t\t\t<div class=\"elementor-widget-container\">\n\t\t\t\t\t\t\t<div class=\"section section-content\">\n\t\t\t\t\t\t<div class=\"section-content__content content arts-split-text js-arts-split-text\" data-arts-split-text=\"lines\" data-arts-split-text-set=\"lines\" data-arts-split-text-overflow-wrap=\"lines\" data-arts-os-animation=\"true\" data-arts-os-animation-name=\"animateText\"><h2 class=\"h6\">Ll\u00e1manos<\/h2><h3 class=\"h2 mt-0\"><a class=\"underline-hover-self\" href=\"#\">914 763 383<\/a><\/h3><\/div>\n\t\t\t\t\t<\/div>\n\t\t\t\t\t\t<\/div>\n\t\t\t\t<\/div>\n\t\t\t\t<\/div>\n\t\t<div class=\"elementor-element elementor-element-fd337be e-con-full e-flex e-con e-child\" data-id=\"fd337be\" data-element_type=\"container\">\n\t\t\t\t<div class=\"elementor-element elementor-element-161bd7f elementor-widget elementor-widget-kinsey-widget-content-block\" data-id=\"161bd7f\" data-element_type=\"widget\" data-widget_type=\"kinsey-widget-content-block.default\">\n\t\t\t\t<div class=\"elementor-widget-container\">\n\t\t\t\t\t\t\t<div class=\"section section-content\">\n\t\t\t\t\t\t<div class=\"section-content__content content arts-split-text js-arts-split-text\" data-arts-split-text=\"lines\" data-arts-split-text-set=\"lines\" data-arts-split-text-overflow-wrap=\"lines\" data-arts-os-animation=\"true\" data-arts-os-animation-name=\"animateText\"><h2 class=\"h6\">Mail<\/h2><h3 class=\"h2 mt-0\"><a class=\"underline-hover-self\" href=\"#\">info@granoptica.es<\/a><\/h3><\/div>\n\t\t\t\t\t<\/div>\n\t\t\t\t\t\t<\/div>\n\t\t\t\t<\/div>\n\t\t\t\t<\/div>\n\t\t<div class=\"elementor-element elementor-element-77adddb e-con-full e-flex e-con e-child\" data-id=\"77adddb\" data-element_type=\"container\">\n\t\t\t\t<div class=\"elementor-element elementor-element-d3c09a3 elementor-widget elementor-widget-kinsey-widget-content-block\" data-id=\"d3c09a3\" data-element_type=\"widget\" data-widget_type=\"kinsey-widget-content-block.default\">\n\t\t\t\t<div class=\"elementor-widget-container\">\n\t\t\t\t\t\t\t<div class=\"section section-content\">\n\t\t\t\t\t\t<div class=\"section-content__content content arts-split-text js-arts-split-text\" data-arts-split-text=\"lines\" data-arts-split-text-set=\"lines\" data-arts-split-text-overflow-wrap=\"lines\" data-arts-os-animation=\"true\" data-arts-os-animation-name=\"animateText\"><h2 class=\"h6\">Parking gratuito para nuestros clientes<\/h2><h3 class=\"h2 mt-0\">calle Pilarica, 14<\/h3><\/div>\n\t\t\t\t\t<\/div>\n\t\t\t\t\t\t<\/div>\n\t\t\t\t<\/div>\n\t\t\t\t<\/div>\n\t\t<div class=\"elementor-element elementor-element-a25f944 e-con-full e-flex e-con e-child\" data-id=\"a25f944\" data-element_type=\"container\">\n\t\t\t\t<div class=\"elementor-element elementor-element-37fa8d6 elementor-widget elementor-widget-kinsey-widget-content-block\" data-id=\"37fa8d6\" data-element_type=\"widget\" data-widget_type=\"kinsey-widget-content-block.default\">\n\t\t\t\t<div class=\"elementor-widget-container\">\n\t\t\t\t\t\t\t<div class=\"section section-content\">\n\t\t\t\t\t\t<div class=\"section-content__content content arts-split-text js-arts-split-text\" data-arts-split-text=\"lines\" data-arts-split-text-set=\"lines\" data-arts-split-text-overflow-wrap=\"lines\" data-arts-os-animation=\"true\" data-arts-os-animation-name=\"animateText\"><h2 class=\"h6\">o vis\u00edtanos<\/h2>\n<h3 class=\"h2 mt-0\">Marcelo Usera, 62<\/br>28026 Madrid<\/h3><\/div>\n\t\t\t\t\t<\/div>\n\t\t\t\t\t\t<\/div>\n\t\t\t\t<\/div>\n\t\t\t\t<\/div>\n\t\t\t\t\t<\/div>\n\t\t\t\t<\/div>\n\t\t<div class=\"elementor-element elementor-element-5ae4a23 e-con-full bg-dark-2 light e-flex e-con e-parent\" data-id=\"5ae4a23\" data-element_type=\"container\" data-settings=\"{&quot;theme_section_color&quot;:&quot;bg-dark-2&quot;,&quot;theme_section_elements_theme&quot;:&quot;light&quot;}\" data-arts-theme-text=\"light\">\n\t\t\t\t<div class=\"elementor-element elementor-element-25a2fe3 elementor-widget elementor-widget-google_maps\" data-id=\"25a2fe3\" data-element_type=\"widget\" data-widget_type=\"google_maps.default\">\n\t\t\t\t<div class=\"elementor-widget-container\">\n\t\t\t\t\t\t\t<div class=\"elementor-custom-embed\">\n\t\t\t<iframe loading=\"lazy\"\n\t\t\t\t\tsrc=\"https:\/\/maps.google.com\/maps?q=Marcelo%20Usera%2062%2C%20Madrid&#038;t=m&#038;z=18&#038;output=embed&#038;iwloc=near\"\n\t\t\t\t\ttitle=\"Marcelo Usera 62, Madrid\"\n\t\t\t\t\taria-label=\"Marcelo Usera 62, Madrid\"\n\t\t\t><\/iframe>\n\t\t<\/div>\n\t\t\t\t\t\t<\/div>\n\t\t\t\t<\/div>\n\t\t\t\t<\/div>\n\t\t<div class=\"elementor-element elementor-element-45aa4f6 bg-light-3 pt-large pb-large e-flex e-con-boxed e-con e-parent\" data-id=\"45aa4f6\" data-element_type=\"container\" id=\"section-contact-form\" data-settings=\"{&quot;theme_section_color&quot;:&quot;bg-light-3&quot;}\">\n\t\t\t\t\t<div class=\"e-con-inner\">\n\t\t<div class=\"elementor-element elementor-element-67b4081 text-center container-fluid e-flex e-con-boxed e-con e-child\" data-id=\"67b4081\" data-element_type=\"container\">\n\t\t\t\t\t<div class=\"e-con-inner\">\n\t\t\t\t<div class=\"elementor-element elementor-element-1bd1f8a elementor-widget elementor-widget-kinsey-widget-content-block\" data-id=\"1bd1f8a\" data-element_type=\"widget\" data-widget_type=\"kinsey-widget-content-block.default\">\n\t\t\t\t<div class=\"elementor-widget-container\">\n\t\t\t\t\t\t\t<div class=\"section section-content\">\n\t\t\t\t\t\t\t<div class=\"section__headline section__headline_before mb-md-3 mb-2 mx-auto\" data-arts-os-animation=\"true\" data-arts-os-animation-name=\"animateHeadline\"><\/div>\n\t\t\t\t\t\t<div class=\"section-content__content content arts-split-text js-arts-split-text\" data-arts-split-text=\"lines\" data-arts-split-text-set=\"lines\" data-arts-split-text-overflow-wrap=\"lines\" data-arts-os-animation=\"true\" data-arts-os-animation-name=\"animateText\"><h2>Cont\u00e1ctanos<\/h2><\/div>\n\t\t\t\t\t<\/div>\n\t\t\t\t\t\t<\/div>\n\t\t\t\t<\/div>\n\t\t\t\t\t<\/div>\n\t\t\t\t<\/div>\n\t\t<div class=\"elementor-element elementor-element-f549934 e-con-full bg-white pt-small pb-small container-fluid e-flex e-con e-child\" data-id=\"f549934\" data-element_type=\"container\" data-settings=\"{&quot;theme_section_color&quot;:&quot;bg-white&quot;}\">\n\t\t\t\t<div class=\"elementor-element elementor-element-d05140b elementor-widget elementor-widget-shortcode\" data-id=\"d05140b\" data-element_type=\"widget\" data-widget_type=\"shortcode.default\">\n\t\t\t\t<div class=\"elementor-widget-container\">\n\t\t\t\t\t\t\t<div class=\"elementor-shortcode\">\n<div class=\"wpcf7 no-js\" id=\"wpcf7-f939-o1\" lang=\"en-US\" dir=\"ltr\" data-wpcf7-id=\"939\">\n<div class=\"screen-reader-response\"><p role=\"status\" aria-live=\"polite\" aria-atomic=\"true\"><\/p> <ul><\/ul><\/div>\n<form action=\"\/index.php?rest_route=%2Fwp%2Fv2%2Fpages%2F418#wpcf7-f939-o1\" method=\"post\" class=\"wpcf7-form init\" aria-label=\"Contact form\" novalidate=\"novalidate\" data-status=\"init\">\n<div style=\"display: none;\">\n<input type=\"hidden\" name=\"_wpcf7\" value=\"939\" \/>\n<input type=\"hidden\" name=\"_wpcf7_version\" value=\"6.0.6\" \/>\n<input type=\"hidden\" name=\"_wpcf7_locale\" value=\"en_US\" \/>\n<input type=\"hidden\" name=\"_wpcf7_unit_tag\" value=\"wpcf7-f939-o1\" \/>\n<input type=\"hidden\" name=\"_wpcf7_container_post\" value=\"0\" \/>\n<input type=\"hidden\" name=\"_wpcf7_posted_data_hash\" value=\"\" \/>\n<\/div>\n<div class=\"row form__row\">\n  <!-- input name -->\n  <div class=\"col-12 col-lg-6 form__col\">\n    <label class=\"input-float js-input-float\">\n      <span class=\"wpcf7-form-control-wrap\" data-name=\"your-name\"><input size=\"40\" maxlength=\"400\" class=\"wpcf7-form-control wpcf7-text wpcf7-validates-as-required input-float__input\" aria-required=\"true\" aria-invalid=\"false\" value=\"\" type=\"text\" name=\"your-name\" \/><\/span>\n      <span class=\"input-float__label\">Tu Nombre<\/span>\n    <\/label>\n  <\/div>\n  <!-- - input name -->\n  <!-- input email -->\n  <div class=\"col-12 col-lg-6 form__col\">\n    <label class=\"input-float js-input-float\">\n      <span class=\"wpcf7-form-control-wrap\" data-name=\"your-email\"><input size=\"40\" maxlength=\"400\" class=\"wpcf7-form-control wpcf7-email wpcf7-validates-as-required wpcf7-text wpcf7-validates-as-email input-float__input\" aria-required=\"true\" aria-invalid=\"false\" value=\"\" type=\"email\" name=\"your-email\" \/><\/span>\n      <span class=\"input-float__label\">Tu E-mail<\/span>\n    <\/label>\n  <\/div>\n  <!-- - input email -->\n<\/div>\n<!-- textarea message -->\n<div class=\"row form__row\">\n  <div class=\"col form__col\">\n    <label class=\"input-float js-input-float\">\n      <span class=\"wpcf7-form-control-wrap\" data-name=\"your-message\"><textarea cols=\"40\" rows=\"3\" maxlength=\"2000\" class=\"wpcf7-form-control wpcf7-textarea input-float__input input-float__input_textarea\" aria-invalid=\"false\" name=\"your-message\"><\/textarea><\/span>\n      <span class=\"input-float__label\">Tu Mensaje<\/span>\n    <\/label>\n  <\/div>\n<\/div>\n<!-- - textarea message -->\n<!-- submit button -->\n<div class=\"row form__row\">\n  <div class=\"col form__col form__col_submit text-center\">\n    <button class=\"button button_icon button_solid bg-dark-1\" type=\"submit\">\n      <span class=\"button__label button__label-normal\">\n        <span class=\"button__title\">Send Message<\/span>\n        <span class=\"button__icon button__icon_after knz-arrow-right\"><\/span>\n      <\/span>\n      <span class=\"button__label button__label-hover\">\n        <span class=\"button__title\">Enviar<\/span>\n        <span class=\"button__icon button__icon_after knz-arrow-right\"><\/span>\n      <\/span>\n    <\/button>\n  <\/div>\n<\/div>\n<!-- - submit button --><div class=\"wpcf7-response-output\" aria-hidden=\"true\"><\/div>\n<\/form>\n<\/div>\n<\/div>\n\t\t\t\t\t\t<\/div>\n\t\t\t\t<\/div>\n\t\t\t\t<\/div>\n\t\t\t\t\t<\/div>\n\t\t\t\t<\/div>\n\t\t\t\t<\/div>\n\t\t","protected":false},"excerpt":{"rendered":"<p>Ll\u00e1manos 914 763 383 Mail info@granoptica.es Parking gratuito para nuestros clientes calle Pilarica, 14 o vis\u00edtanos Marcelo Usera, 6228026 Madrid Cont\u00e1ctanos<\/p>\n","protected":false},"author":1,"featured_media":0,"parent":0,"menu_order":0,"comment_status":"closed","ping_status":"closed","template":"","meta":{"_acf_changed":false,"footnotes":""},"class_list":["post-418","page","type-page","status-publish","hentry"],"acf":[],"_links":{"self":[{"href":"https:\/\/granoptica.es\/index.php?rest_route=\/wp\/v2\/pages\/418","targetHints":{"allow":["GET"]}}],"collection":[{"href":"https:\/\/granoptica.es\/index.php?rest_route=\/wp\/v2\/pages"}],"about":[{"href":"https:\/\/granoptica.es\/index.php?rest_route=\/wp\/v2\/types\/page"}],"author":[{"embeddable":true,"href":"https:\/\/granoptica.es\/index.php?rest_route=\/wp\/v2\/users\/1"}],"replies":[{"embeddable":true,"href":"https:\/\/granoptica.es\/index.php?rest_route=%2Fwp%2Fv2%2Fcomments&post=418"}],"version-history":[{"count":10,"href":"https:\/\/granoptica.es\/index.php?rest_route=\/wp\/v2\/pages\/418\/revisions"}],"predecessor-version":[{"id":2462,"href":"https:\/\/granoptica.es\/index.php?rest_route=\/wp\/v2\/pages\/418\/revisions\/2462"}],"wp:attachment":[{"href":"https:\/\/granoptica.es\/index.php?rest_route=%2Fwp%2Fv2%2Fmedia&parent=418"}],"curies":[{"name":"wp","href":"https:\/\/api.w.org\/{rel}","templated":true}]}}